{"id":451,"date":"2024-11-03T11:52:41","date_gmt":"2024-11-03T08:52:41","guid":{"rendered":"https:\/\/sutpompasikiralama.com\/?page_id=451"},"modified":"2025-11-24T19:30:14","modified_gmt":"2025-11-24T16:30:14","slug":"hizmet-bolgesi","status":"publish","type":"page","link":"https:\/\/sutpompasikiralama.com\/index.php\/hizmet-bolgesi\/","title":{"rendered":"Hizmet B\u00f6lgesi"},"content":{"rendered":"\t\t<div data-elementor-type=\"wp-page\" data-elementor-id=\"451\" class=\"elementor elementor-451\">\n\t\t\t\t\t\t<section class=\"elementor-section elementor-top-section elementor-element elementor-element-8a1238a elementor-section-boxed elementor-section-height-default elementor-section-height-default\" data-id=\"8a1238a\" data-element_type=\"section\">\n\t\t\t\t\t\t<div class=\"elementor-container elementor-column-gap-default\">\n\t\t\t\t\t<div class=\"elementor-column elementor-col-100 elementor-top-column elementor-element elementor-element-5669049\" data-id=\"5669049\" data-element_type=\"column\">\n\t\t\t<div class=\"elementor-widget-wrap elementor-element-populated\">\n\t\t\t\t\t\t<div class=\"elementor-element elementor-element-a1d05d6 elementor-widget elementor-widget-heading\" data-id=\"a1d05d6\" data-element_type=\"widget\" data-widget_type=\"heading.default\">\n\t\t\t\t<div class=\"elementor-widget-container\">\n\t\t\t\t\t<h1 class=\"elementor-heading-title elementor-size-default\">T\u00fcrkiye'nin Her Yerine S\u00fct Pompas\u0131 Kiralama Hizmeti<\/h1>\t\t\t\t<\/div>\n\t\t\t\t<\/div>\n\t\t\t\t<div class=\"elementor-element elementor-element-c8e1853 elementor-widget elementor-widget-text-editor\" data-id=\"c8e1853\" data-element_type=\"widget\" data-widget_type=\"text-editor.default\">\n\t\t\t\t<div class=\"elementor-widget-container\">\n\t\t\t\t\t\t\t\t\t<p><br \/>\u00a0 \u00a0 \u00a0 \u00a0 \u00a0Adana, Ad\u0131yaman, Afyonkarahisar, A\u011fr\u0131, Aksaray, Amasya, Ankara, Antalya, Ardahan, Artvin, Ayd\u0131n, Bal\u0131kesir, Bart\u0131n, Batman, Bayburt, Bilecik, Bing\u00f6l, Bitlis,Bodrum, Bolu, Burdur, Bursa, \u00c7anakkale, \u00c7ank\u0131r\u0131, \u00c7orum, Denizli, Diyarbak\u0131r, D\u00fczce, Edirne, Elaz\u0131\u011f, Erzincan, Erzurum, Eski\u015fehir, Gaziantep, Giresun, G\u00fcm\u00fc\u015fhane, Hakk\u00e2ri, Hatay, I\u011fd\u0131r, Isparta, \u0130stanbul, \u0130zmir, Kahramanmara\u015f, Karab\u00fck, Karaman, Kars, Kastamonu, Kayseri, Kilis, K\u0131r\u0131kkale, K\u0131rklareli, K\u0131r\u015fehir, Kocaeli, Konya, K\u00fctahya, Malatya, Manisa, Mardin, Mersin, Mu\u011fla, Mu\u015f, Nev\u015fehir, Ni\u011fde, Ordu, Osmaniye, Rize, Sakarya, Samsun, \u015eanl\u0131urfa, Siirt, Sinop, Sivas, \u015e\u0131rnak, Tekirda\u011f, Tokat, Trabzon, Tunceli, U\u015fak, Van, Yalova, Yozgat,Zonguldak<\/p><p>\u00a0 \u00a0 \u00a0 \u00a0 \u00a0 \u00a0Kiralama hizmetimiz, <b>T\u00fcrkiye\u2019nin her yerine<\/b>\u00a0yap\u0131lmaktad\u0131r.\u00a0<strong>Kargo masraflar\u0131 ( gidi\u015f \u2013 d\u00f6n\u00fc\u015f ) tamamen kirac\u0131ya aittir. ARAS Kargo\u00a0 ve\u00a0 <em>DHL<\/em>\u00a0\u2013 MNG<\/strong>\u00a0<strong> Kargo<\/strong>\u00a0 ile indirimli \u00f6zel anla\u015fmam\u0131z vard\u0131r.<\/p>\t\t\t\t\t\t\t\t<\/div>\n\t\t\t\t<\/div>\n\t\t\t\t\t<\/div>\n\t\t<\/div>\n\t\t\t\t\t<\/div>\n\t\t<\/section>\n\t\t\t\t<section class=\"elementor-section elementor-top-section elementor-element elementor-element-43b25f5 elementor-section-boxed elementor-section-height-default elementor-section-height-default\" data-id=\"43b25f5\" data-element_type=\"section\">\n\t\t\t\t\t\t<div class=\"elementor-container elementor-column-gap-default\">\n\t\t\t\t\t<div class=\"elementor-column elementor-col-100 elementor-top-column elementor-element elementor-element-758a5cd\" data-id=\"758a5cd\" data-element_type=\"column\">\n\t\t\t<div class=\"elementor-widget-wrap\">\n\t\t\t\t\t\t\t<\/div>\n\t\t<\/div>\n\t\t\t\t\t<\/div>\n\t\t<\/section>\n\t\t\t\t<section class=\"elementor-section elementor-top-section elementor-element elementor-element-30c11c9 elementor-section-boxed elementor-section-height-default elementor-section-height-default\" data-id=\"30c11c9\" data-element_type=\"section\">\n\t\t\t\t\t\t<div class=\"elementor-container elementor-column-gap-default\">\n\t\t\t\t\t<div class=\"elementor-column elementor-col-50 elementor-top-column elementor-element elementor-element-2c3ca45\" data-id=\"2c3ca45\" data-element_type=\"column\">\n\t\t\t<div class=\"elementor-widget-wrap elementor-element-populated\">\n\t\t\t\t\t\t<div class=\"elementor-element elementor-element-f044b20 elementor-widget elementor-widget-heading\" data-id=\"f044b20\" data-element_type=\"widget\" data-widget_type=\"heading.default\">\n\t\t\t\t<div class=\"elementor-widget-container\">\n\t\t\t\t\t<h2 class=\"elementor-heading-title elementor-size-default\"><a href=\"tel:05422157292\">\u0130stanbul S\u00fct Pompas\u0131 Kiralama<\/a><\/h2>\t\t\t\t<\/div>\n\t\t\t\t<\/div>\n\t\t\t\t<div class=\"elementor-element elementor-element-2793498 elementor-widget elementor-widget-heading\" data-id=\"2793498\" data-element_type=\"widget\" data-widget_type=\"heading.default\">\n\t\t\t\t<div class=\"elementor-widget-container\">\n\t\t\t\t\t<h2 class=\"elementor-heading-title elementor-size-default\"><a href=\"tel:05422157292\">Eski\u015fehir S\u00fct Pompas\u0131 Kiralama<\/a><\/h2>\t\t\t\t<\/div>\n\t\t\t\t<\/div>\n\t\t\t\t<div class=\"elementor-element elementor-element-0786834 elementor-widget elementor-widget-heading\" data-id=\"0786834\" data-element_type=\"widget\" data-widget_type=\"heading.default\">\n\t\t\t\t<div class=\"elementor-widget-container\">\n\t\t\t\t\t<h2 class=\"elementor-heading-title elementor-size-default\"><a href=\"tel:05422157292\">Kayseri S\u00fct Pompas\u0131 Kiralama<\/a><\/h2>\t\t\t\t<\/div>\n\t\t\t\t<\/div>\n\t\t\t\t<div class=\"elementor-element elementor-element-9e65344 elementor-widget elementor-widget-heading\" data-id=\"9e65344\" data-element_type=\"widget\" data-widget_type=\"heading.default\">\n\t\t\t\t<div class=\"elementor-widget-container\">\n\t\t\t\t\t<h2 class=\"elementor-heading-title elementor-size-default\"><a href=\"tel:05422157292\">Erzincan S\u00fct Pompas\u0131 Kiralama\n<\/a><\/h2>\t\t\t\t<\/div>\n\t\t\t\t<\/div>\n\t\t\t\t\t<\/div>\n\t\t<\/div>\n\t\t\t\t<div class=\"elementor-column elementor-col-50 elementor-top-column elementor-element elementor-element-8d08404\" data-id=\"8d08404\" data-element_type=\"column\">\n\t\t\t<div class=\"elementor-widget-wrap elementor-element-populated\">\n\t\t\t\t\t\t<div class=\"elementor-element elementor-element-2ef4bb8 elementor-widget elementor-widget-heading\" data-id=\"2ef4bb8\" data-element_type=\"widget\" data-widget_type=\"heading.default\">\n\t\t\t\t<div class=\"elementor-widget-container\">\n\t\t\t\t\t<h2 class=\"elementor-heading-title elementor-size-default\"><a href=\"tel:05422157292\">Mersin S\u00fct Pompas\u0131 Kiralama<\/a><\/h2>\t\t\t\t<\/div>\n\t\t\t\t<\/div>\n\t\t\t\t<div class=\"elementor-element elementor-element-e91f27b elementor-widget elementor-widget-heading\" data-id=\"e91f27b\" data-element_type=\"widget\" data-widget_type=\"heading.default\">\n\t\t\t\t<div class=\"elementor-widget-container\">\n\t\t\t\t\t<h2 class=\"elementor-heading-title elementor-size-default\"><a href=\"tel:05422157292\">Bodrum S\u00fct Pompas\u0131 Kiralama<\/a><\/h2>\t\t\t\t<\/div>\n\t\t\t\t<\/div>\n\t\t\t\t<div class=\"elementor-element elementor-element-7b695fc elementor-widget elementor-widget-heading\" data-id=\"7b695fc\" data-element_type=\"widget\" data-widget_type=\"heading.default\">\n\t\t\t\t<div class=\"elementor-widget-container\">\n\t\t\t\t\t<h2 class=\"elementor-heading-title elementor-size-default\"><a href=\"tel:05422157292\">Sivas S\u00fct Pompas\u0131 Kiralama<\/a><\/h2>\t\t\t\t<\/div>\n\t\t\t\t<\/div>\n\t\t\t\t<div class=\"elementor-element elementor-element-35b3194 elementor-widget elementor-widget-heading\" data-id=\"35b3194\" data-element_type=\"widget\" data-widget_type=\"heading.default\">\n\t\t\t\t<div class=\"elementor-widget-container\">\n\t\t\t\t\t<h2 class=\"elementor-heading-title elementor-size-default\"><a href=\"tel:05422157292\">Tokat S\u00fct Pompas\u0131 Kiralama<\/a><\/h2>\t\t\t\t<\/div>\n\t\t\t\t<\/div>\n\t\t\t\t\t<\/div>\n\t\t<\/div>\n\t\t\t\t\t<\/div>\n\t\t<\/section>\n\t\t\t\t<section class=\"elementor-section elementor-top-section elementor-element elementor-element-a1bcb2d elementor-section-boxed elementor-section-height-default elementor-section-height-default\" data-id=\"a1bcb2d\" data-element_type=\"section\">\n\t\t\t\t\t\t<div class=\"elementor-container elementor-column-gap-default\">\n\t\t\t\t\t<div class=\"elementor-column elementor-col-100 elementor-top-column elementor-element elementor-element-7c0a63c\" data-id=\"7c0a63c\" data-element_type=\"column\">\n\t\t\t<div class=\"elementor-widget-wrap elementor-element-populated\">\n\t\t\t\t\t\t<div class=\"elementor-element elementor-element-b19c1c7 elementor-widget elementor-widget-text-editor\" data-id=\"b19c1c7\" data-element_type=\"widget\" data-widget_type=\"text-editor.default\">\n\t\t\t\t<div class=\"elementor-widget-container\">\n\t\t\t\t\t\t\t\t\t<p>sutpompasikiralamaadana \u2013 sutpompasikiralamaad\u0131yaman \u2013 sutpompasikiralamaafyonkarahisar \u2013\u00a0 sutpompasikiralamaa\u011fr\u0131 \u2013 sutpompasikiralamaaksaray \u2013 sutpompasikiralamaamasya -sutpompasikiralamaankara \u2013 sutpompasikiralamaantalya \u2013 sutpompasikiralamaardahan \u2013 sutpompasikiralamaartvin \u2013 sutpompasikiralamaayd\u0131n \u2013 sutpompasikiralamabal\u0131kesir \u2013 sutpompasikiralamabart\u0131n \u2013 sutpompasikiralamabatman \u2013 sutpompasikiralamabayburt \u2013 sutpompasikiralamabilecik \u2013 sutpompasikiralamabing\u00f6l \u2013 sutpompasikiralamabitlis \u2013sutpompasikiralamabodrum- sutpompasikiralamabolu \u2013\u00a0 sutpompasikiralamaburdur \u2013 sutpompasikiralamabursa \u2013 sutpompasikiralama\u00e7anakkale \u2013 sutpompasikiralama\u00e7ank\u0131r\u0131 \u2013 sutpompasikiralama\u00e7orum \u2013 sutpompasikiralamadenizli \u2013 sutpompasikiralamadiyarbak\u0131r \u2013 sutpompasikiralamad\u00fczce \u2013 sutpompasikiralamaedirne \u2013 sutpompasikiralamaelaz\u0131\u011f \u2013 sutpompasikiralamaerzincan \u2013 sutpompasikiralamaerzurum \u2013 sutpompasikiralamaeski\u015fehir \u2013 sutpompasikiralamagaziantep \u2013 sutpompasikiralamagiresun \u2013 sutpompasikiralamag\u00fcm\u00fc\u015fhane \u2013 sutpompasikiralamahakkari \u2013 sutpompasikiralamahatay \u2013 sutpompasikiralama\u0131\u011fd\u0131r \u2013 sutpompasikiralamaisparta \u2013 sutpompasikiralamaistanbul \u2013 sutpompasikiralamaizmir \u2013 sutpompasikiralamakahramanmara\u015f \u2013 sutpompasikiralamakarab\u00fck \u2013\u00a0 sutpompasikiralamakaraman \u2013 sutpompasikiralamakars \u2013 sutpompasikiralamakastamonu \u2013 sutpompasikiralamakayseri \u2013 sutpompasikiralamakilis \u2013 sutpompasikiralamak\u0131r\u0131kkale \u2013\u00a0 \u00a0sutpompasikiralamak\u0131r\u015fehir \u2013\u00a0 sutpompasikiralamakocaeli \u2013 sutpompasikiralamakonya \u2013 sutpompasikiralamak\u00fctahya \u2013 sutpompasikiralamamalatya \u2013 sutpompasikiralamamanisa \u2013 sutpompasikiralamamardin \u2013 sutpompasikiralamamersin \u2013 sutpompasikiralamamu\u011fla \u2013 sutpompasikiralamamu\u015f \u2013 sutpompasikiralamanev\u015fehir -sutpompasikiralamanigde \u2013\u00a0 sutpompasikiralamaordu \u2013 sutpompasikiralamaosmaniye \u2013 sutpompasikiralamarize \u2013 sutpompasikiralamasakarya \u2013 sutpompasikiralamasamsun \u2013 sutpompasikiralama\u015fanl\u0131urfa \u2013 sutpompasikiralamasiirt \u2013 sutpompasikiralamasinop \u2013 sutpompasikiralamasivas \u2013 sutpompasikiralama\u015f\u0131rnak \u2013 sutpompasikiralamatekirda\u011f \u2013 sutpompasikiralamatokat \u2013 sutpompasikiralamatrabzon \u2013 sutpompasikiralamatunceli \u2013 sutpompasikiralamau\u015fak \u2013 sutpompasikiralamavan \u2013 sutpompasikiralamayalova \u2013 sutpompasikiralamayozgat \u2013 sutpompasikiralamazonguldak\u00a0<\/p>\t\t\t\t\t\t\t\t<\/div>\n\t\t\t\t<\/div>\n\t\t\t\t\t<\/div>\n\t\t<\/div>\n\t\t\t\t\t<\/div>\n\t\t<\/section>\n\t\t\t\t<\/div>\n\t\t","protected":false},"excerpt":{"rendered":"<p>T\u00fcrkiye&#8217;nin Her Yerine S\u00fct Pompas\u0131 Kiralama Hizmeti \u00a0 \u00a0 \u00a0 \u00a0 \u00a0Adana, Ad\u0131yaman, Afyonkarahisar, A\u011fr\u0131, Aksaray, Amasya, Ankara, Antalya, Ardahan, Artvin, Ayd\u0131n, Bal\u0131kesir, Bart\u0131n, Batman, Bayburt, Bilecik, Bing\u00f6l, Bitlis,Bodrum, Bolu, Burdur, Bursa, \u00c7anakkale, \u00c7ank\u0131r\u0131, \u00c7orum, Denizli, Diyarbak\u0131r, D\u00fczce, Edirne, Elaz\u0131\u011f, Erzincan, Erzurum, Eski\u015fehir, Gaziantep, Giresun, G\u00fcm\u00fc\u015fhane, Hakk\u00e2ri, Hatay, I\u011fd\u0131r, Isparta, \u0130stanbul, \u0130zmir, Kahramanmara\u015f, Karab\u00fck, Karaman, [&hellip;]<\/p>\n","protected":false},"author":3,"featured_media":0,"parent":0,"menu_order":0,"comment_status":"closed","ping_status":"closed","template":"","meta":{"_joinchat":[],"footnotes":""},"class_list":["post-451","page","type-page","status-publish","hentry"],"_links":{"self":[{"href":"https:\/\/sutpompasikiralama.com\/index.php\/wp-json\/wp\/v2\/pages\/451","targetHints":{"allow":["GET"]}}],"collection":[{"href":"https:\/\/sutpompasikiralama.com\/index.php\/wp-json\/wp\/v2\/pages"}],"about":[{"href":"https:\/\/sutpompasikiralama.com\/index.php\/wp-json\/wp\/v2\/types\/page"}],"author":[{"embeddable":true,"href":"https:\/\/sutpompasikiralama.com\/index.php\/wp-json\/wp\/v2\/users\/3"}],"replies":[{"embeddable":true,"href":"https:\/\/sutpompasikiralama.com\/index.php\/wp-json\/wp\/v2\/comments?post=451"}],"version-history":[{"count":40,"href":"https:\/\/sutpompasikiralama.com\/index.php\/wp-json\/wp\/v2\/pages\/451\/revisions"}],"predecessor-version":[{"id":667,"href":"https:\/\/sutpompasikiralama.com\/index.php\/wp-json\/wp\/v2\/pages\/451\/revisions\/667"}],"wp:attachment":[{"href":"https:\/\/sutpompasikiralama.com\/index.php\/wp-json\/wp\/v2\/media?parent=451"}],"curies":[{"name":"wp","href":"https:\/\/api.w.org\/{rel}","templated":true}]}}