{"id":22,"date":"2024-07-21T07:24:56","date_gmt":"2024-07-21T04:24:56","guid":{"rendered":"https:\/\/sutpompasikiralama.com\/?page_id=22"},"modified":"2024-07-31T23:54:21","modified_gmt":"2024-07-31T20:54:21","slug":"iletisim","status":"publish","type":"page","link":"https:\/\/sutpompasikiralama.com\/index.php\/iletisim\/","title":{"rendered":"\u0130leti\u015fim"},"content":{"rendered":"\t\t<div data-elementor-type=\"wp-page\" data-elementor-id=\"22\" class=\"elementor elementor-22\">\n\t\t\t\t\t\t<section class=\"elementor-section elementor-top-section elementor-element elementor-element-850682a elementor-section-boxed elementor-section-height-default elementor-section-height-default\" data-id=\"850682a\" data-element_type=\"section\">\n\t\t\t\t\t\t<div class=\"elementor-container elementor-column-gap-default\">\n\t\t\t\t\t<div class=\"elementor-column elementor-col-100 elementor-top-column elementor-element elementor-element-78ec40c\" data-id=\"78ec40c\" data-element_type=\"column\">\n\t\t\t<div class=\"elementor-widget-wrap elementor-element-populated\">\n\t\t\t\t\t\t<div class=\"elementor-element elementor-element-202b8a2 elementor-widget elementor-widget-heading\" data-id=\"202b8a2\" data-element_type=\"widget\" data-widget_type=\"heading.default\">\n\t\t\t\t<div class=\"elementor-widget-container\">\n\t\t\t\t\t<h2 class=\"elementor-heading-title elementor-size-default\">\u0130leti\u015fim Kanallar\u0131m\u0131z \u0130le 7\/24 Ula\u015fabilirsiniz<\/h2>\t\t\t\t<\/div>\n\t\t\t\t<\/div>\n\t\t\t\t\t<\/div>\n\t\t<\/div>\n\t\t\t\t\t<\/div>\n\t\t<\/section>\n\t\t\t\t<section class=\"elementor-section elementor-top-section elementor-element elementor-element-2b605d7 elementor-section-content-middle elementor-section-boxed elementor-section-height-default elementor-section-height-default\" data-id=\"2b605d7\" data-element_type=\"section\">\n\t\t\t\t\t\t<div class=\"elementor-container elementor-column-gap-default\">\n\t\t\t\t\t<div class=\"elementor-column elementor-col-33 elementor-top-column elementor-element elementor-element-8e19a4e\" data-id=\"8e19a4e\" data-element_type=\"column\">\n\t\t\t<div class=\"elementor-widget-wrap elementor-element-populated\">\n\t\t\t\t\t\t<div class=\"elementor-element elementor-element-3cfebb3 elementor-widget elementor-widget-sina_pricing\" data-id=\"3cfebb3\" data-element_type=\"widget\" data-widget_type=\"sina_pricing.default\">\n\t\t\t\t<div class=\"elementor-widget-container\">\n\t\t\t\t\t\t\t<div class=\"sina-pricing  \">\r\n\t\t\t\r\n\t\t\t\r\n\t\t\t\t\t\t\t<h3 class=\"sina-pricing-title\">WhatsApp<\/h3>\t\t\t\r\n\t\t\t\r\n\t\t\t\r\n\t\t\t\t\t\t\t<h4 class=\"sina-price-tag\">\r\n\t\t\t\t    <span class=\"sina-price-prefix\"><\/span><span>0 542 215 72 92<\/span><span class=\"sina-price-suffix\"><\/span>\r\n\t\t\t\t<\/h4>\r\n\t\t\t\r\n\t\t\t\r\n\t\t\t<ul class=\"sina-pricing-body\">\r\n\t\t\t\t\t\t\t<\/ul>\r\n\r\n\t\t\t\t\t\t\t<div class=\"sina-pricing-btn\">\r\n\t\t\t\t\t<a class=\"sina-order-btn  \"\r\n\t\t\t\t\thref=\"tel:0%20542%20215%2072%2092\"\r\n\t\t\t\t\t\t\t\t\t\t>\r\n\t\t\t\t\t\t\t\tHemen Mesaj At\u0131n\t\t\t\t\t\t\t<\/a>\r\n\t\t\t\t<\/div>\r\n\t\t\t\t\t<\/div><!-- .sina-pricing -->\r\n\t\t\t\t\t\t<\/div>\n\t\t\t\t<\/div>\n\t\t\t\t\t<\/div>\n\t\t<\/div>\n\t\t\t\t<div class=\"elementor-column elementor-col-33 elementor-top-column elementor-element elementor-element-3ea00b1\" data-id=\"3ea00b1\" data-element_type=\"column\">\n\t\t\t<div class=\"elementor-widget-wrap elementor-element-populated\">\n\t\t\t\t\t\t<div class=\"elementor-element elementor-element-9fcf2f3 elementor-widget elementor-widget-sina_pricing\" data-id=\"9fcf2f3\" data-element_type=\"widget\" data-widget_type=\"sina_pricing.default\">\n\t\t\t\t<div class=\"elementor-widget-container\">\n\t\t\t\t\t\t\t<div class=\"sina-pricing  \">\r\n\t\t\t\r\n\t\t\t\r\n\t\t\t\t\t\t\t<h3 class=\"sina-pricing-title\">E-Mail<\/h3>\t\t\t\r\n\t\t\t\r\n\t\t\t\r\n\t\t\t\t\t\t\t<h4 class=\"sina-price-tag\">\r\n\t\t\t\t    <span class=\"sina-price-prefix\"><\/span><span>ahmetfarukcapraz@hotmail.com<\/span><span class=\"sina-price-suffix\"><\/span>\r\n\t\t\t\t<\/h4>\r\n\t\t\t\r\n\t\t\t\r\n\t\t\t<ul class=\"sina-pricing-body\">\r\n\t\t\t\t\t\t\t<\/ul>\r\n\r\n\t\t\t\t\t\t\t<div class=\"sina-pricing-btn\">\r\n\t\t\t\t\t<a class=\"sina-order-btn  \"\r\n\t\t\t\t\thref=\"mailto:ahmetfarukcapraz@hotmail.com\"\r\n\t\t\t\t\t\t\t\t\t\t>\r\n\t\t\t\t\t\t\t\tMail G\u00f6nderin\t\t\t\t\t\t\t<\/a>\r\n\t\t\t\t<\/div>\r\n\t\t\t\t\t<\/div><!-- .sina-pricing -->\r\n\t\t\t\t\t\t<\/div>\n\t\t\t\t<\/div>\n\t\t\t\t\t<\/div>\n\t\t<\/div>\n\t\t\t\t<div class=\"elementor-column elementor-col-33 elementor-top-column elementor-element elementor-element-b45dee2\" data-id=\"b45dee2\" data-element_type=\"column\">\n\t\t\t<div class=\"elementor-widget-wrap elementor-element-populated\">\n\t\t\t\t\t\t<div class=\"elementor-element elementor-element-402110d elementor-widget elementor-widget-sina_pricing\" data-id=\"402110d\" data-element_type=\"widget\" data-widget_type=\"sina_pricing.default\">\n\t\t\t\t<div class=\"elementor-widget-container\">\n\t\t\t\t\t\t\t<div class=\"sina-pricing  \">\r\n\t\t\t\r\n\t\t\t\r\n\t\t\t\t\t\t\t<h3 class=\"sina-pricing-title\">Telefon<\/h3>\t\t\t\r\n\t\t\t\r\n\t\t\t\r\n\t\t\t\t\t\t\t<h4 class=\"sina-price-tag\">\r\n\t\t\t\t    <span class=\"sina-price-prefix\"><\/span><span>0 542 215 72 92<\/span><span class=\"sina-price-suffix\"><\/span>\r\n\t\t\t\t<\/h4>\r\n\t\t\t\r\n\t\t\t\r\n\t\t\t<ul class=\"sina-pricing-body\">\r\n\t\t\t\t\t\t\t<\/ul>\r\n\r\n\t\t\t\t\t\t\t<div class=\"sina-pricing-btn\">\r\n\t\t\t\t\t<a class=\"sina-order-btn  \"\r\n\t\t\t\t\thref=\"https:\/\/api.whatsapp.com\/send\/?phone=905422157292&#038;text=Merhaba&#038;type=phone_number&#038;app_absent=0\"\r\n\t\t\t\t\t\t\t\t\t\t>\r\n\t\t\t\t\t\t\t\tHemen Aray\u0131n\t\t\t\t\t\t\t<\/a>\r\n\t\t\t\t<\/div>\r\n\t\t\t\t\t<\/div><!-- .sina-pricing -->\r\n\t\t\t\t\t\t<\/div>\n\t\t\t\t<\/div>\n\t\t\t\t\t<\/div>\n\t\t<\/div>\n\t\t\t\t\t<\/div>\n\t\t<\/section>\n\t\t\t\t<section class=\"elementor-section elementor-top-section elementor-element elementor-element-f9c5609 elementor-section-full_width elementor-section-height-default elementor-section-height-default\" data-id=\"f9c5609\" data-element_type=\"section\">\n\t\t\t\t\t\t<div class=\"elementor-container elementor-column-gap-no\">\n\t\t\t\t\t<div class=\"elementor-column elementor-col-100 elementor-top-column elementor-element elementor-element-fdfd9ad\" data-id=\"fdfd9ad\" data-element_type=\"column\">\n\t\t\t<div class=\"elementor-widget-wrap elementor-element-populated\">\n\t\t\t\t\t\t<div class=\"elementor-element elementor-element-9c915e9 elementor-widget elementor-widget-google_maps\" data-id=\"9c915e9\" data-element_type=\"widget\" data-widget_type=\"google_maps.default\">\n\t\t\t\t<div class=\"elementor-widget-container\">\n\t\t\t\t\t\t\t<div class=\"elementor-custom-embed\">\n\t\t\t<iframe loading=\"lazy\"\n\t\t\t\t\tsrc=\"https:\/\/maps.google.com\/maps?q=ESKIKALE%20MAHALLESI.%2013-7%20SOKAK.%20NO%3A%2012%20CAPRAZ%20APT.%20&#038;t=m&#038;z=17&#038;output=embed&#038;iwloc=near\"\n\t\t\t\t\ttitle=\"ESKIKALE MAHALLESI. 13-7 SOKAK. NO: 12 CAPRAZ APT. \"\n\t\t\t\t\taria-label=\"ESKIKALE MAHALLESI. 13-7 SOKAK. NO: 12 CAPRAZ APT. \"\n\t\t\t><\/iframe>\n\t\t<\/div>\n\t\t\t\t\t\t<\/div>\n\t\t\t\t<\/div>\n\t\t\t\t\t<\/div>\n\t\t<\/div>\n\t\t\t\t\t<\/div>\n\t\t<\/section>\n\t\t\t\t<\/div>\n\t\t","protected":false},"excerpt":{"rendered":"<p>\u0130leti\u015fim Kanallar\u0131m\u0131z \u0130le 7\/24 Ula\u015fabilirsiniz WhatsApp 0 542 215 72 92 Hemen Mesaj At\u0131n E-Mail ahmetfarukcapraz@hotmail.com Mail G\u00f6nderin Telefon 0 542 215 72 92 Hemen Aray\u0131n<\/p>\n","protected":false},"author":1,"featured_media":0,"parent":0,"menu_order":0,"comment_status":"closed","ping_status":"closed","template":"","meta":{"_joinchat":[],"footnotes":""},"class_list":["post-22","page","type-page","status-publish","hentry"],"_links":{"self":[{"href":"https:\/\/sutpompasikiralama.com\/index.php\/wp-json\/wp\/v2\/pages\/22","targetHints":{"allow":["GET"]}}],"collection":[{"href":"https:\/\/sutpompasikiralama.com\/index.php\/wp-json\/wp\/v2\/pages"}],"about":[{"href":"https:\/\/sutpompasikiralama.com\/index.php\/wp-json\/wp\/v2\/types\/page"}],"author":[{"embeddable":true,"href":"https:\/\/sutpompasikiralama.com\/index.php\/wp-json\/wp\/v2\/users\/1"}],"replies":[{"embeddable":true,"href":"https:\/\/sutpompasikiralama.com\/index.php\/wp-json\/wp\/v2\/comments?post=22"}],"version-history":[{"count":13,"href":"https:\/\/sutpompasikiralama.com\/index.php\/wp-json\/wp\/v2\/pages\/22\/revisions"}],"predecessor-version":[{"id":370,"href":"https:\/\/sutpompasikiralama.com\/index.php\/wp-json\/wp\/v2\/pages\/22\/revisions\/370"}],"wp:attachment":[{"href":"https:\/\/sutpompasikiralama.com\/index.php\/wp-json\/wp\/v2\/media?parent=22"}],"curies":[{"name":"wp","href":"https:\/\/api.w.org\/{rel}","templated":true}]}}